{"id":149,"date":"2021-06-01T13:34:50","date_gmt":"2021-06-01T13:34:50","guid":{"rendered":"http:\/\/joseluispeluqueros.net\/?page_id=149"},"modified":"2021-06-01T15:06:44","modified_gmt":"2021-06-01T15:06:44","slug":"peluqueria","status":"publish","type":"page","link":"http:\/\/joseluispeluqueros.net\/index.php\/peluqueria\/","title":{"rendered":"Peluquer\u00eda"},"content":{"rendered":"<h2>Cl\u00e1sicos<\/h2>\n<style type='text\/css' media='all'>#fmp-container-2663262309 .fmp-title h3,#fmp-container-2663262309 .fmp-content h3 {}#fmp-container-2663262309 .fmp-content h3:hover,#fmp-container-2663262309 h3.fmp-title:hover,#fmp-container-2663262309 .fmp-title h3:hover { }#fmp-container-2663262309 .fmp-box .fmp-price,#fmp-container-2663262309 .fmp-box .price,#fmp-container-2663262309 .fmp-food-item .price,#fmp-container-2663262309 .fmp-layout8 .fmp-box-wrapper .fmp-price-wrapper .fmp-price,#fmp-container-2663262309 .fmp-layout1 .fmp-price-wrapper span.fmp-price,#fmp-container-2663262309 .fmp-content-wrap .price {color:#1e73be;}#fmp-container-2663262309 .fmp-layout8 .fmp-box-wrapper .fmp-price-wrapper .fmp-price,#fmp-container-2663262309 .fmp-layout1 .fmp-price-wrapper span.fmp-price {background:#1e73be;}#fmp-container-2663262309 .fmp-layout1 .fmp-price-wrapper span.fmp-price::before {border-right-color:#1e73be;}#fmp-container-2663262309 .fmp-layout1 .fmp-price-wrapper span.fmp-price::after {border-left-color:#1e73be;border-top-color:#1e73be;}#fmp-container-2663262309 a.fmp-btn-read-more::before,\r\n\t\t\t#fmp-container-2663262309 a.fmp-wc-add-to-cart-btn::before,\r\n\t\t\t#fmp-container-2663262309 .fmp-utility .fmp-load-more button::before,\r\n\t\t\t#fmp-container-2663262309 .fmp-pagination ul.pagination-list li span::before,\r\n\t\t\t#fmp-container-2663262309 .fmp-load-more::before,\r\n\t\t\t#fmp-container-2663262309 .fmp-iso-filter.type-1 button,\r\n\t\t\t#fmp-container-2663262309 .fmp-iso-filter.type-2 button,\r\n\t\t\t#fmp-container-2663262309 .fmp-carousel .swiper-arrow::before,\r\n\t\t\t#fmp-container-2663262309 .fmp-layout5 .fmp-price,\r\n\t\t\t#fmp-container-2663262309 .fmp-layout5 .fmp-price-box .fmp-attr-variation-wrapper,\r\n\t\t\t#fmp-container-2663262309.fmp-wrapper .fmp-food-item.product a.button + .added_to_cart,\r\n\t\t\t#fmp-container-2663262309.fmp-wrapper .fmp-food-item.product a.button::before {background: ;}#fmp-container-2663262309 a.fmp-btn-read-more::after,\r\n\t\t\t#fmp-container-2663262309 a.fmp-wc-add-to-cart-btn::after,\r\n\t\t\t#fmp-container-2663262309 .fmp-utility .fmp-load-more button::after,\r\n\t\t\t#fmp-container-2663262309 .fmp-load-more::after,\r\n\t\t\t#fmp-container-2663262309 .fmp-carousel .swiper-arrow::after,\r\n\t\t\t#fmp-container-2663262309 .fmp-pagination ul.pagination-list li.active span::after,\r\n\t\t\t#fmp-container-2663262309 .fmp-pagination ul.pagination-list li a::after,\r\n\t\t\t#fmp-container-2663262309 .fmp-layout5 .fmp-wc-add-to-cart-btn::after,\r\n\t\t\t#fmp-container-2663262309.fmp-wrapper .fmp-food-item.product a.button::after {background:;}#fmp-container-2663262309 .fmp-isotope-buttons button::before,\r\n\t\t\t#fmp-container-2663262309 .fmp-isotope-buttons button.selected::after,\r\n\t\t\t#fmp-container-2663262309 .fmp-isotope-buttons button.selected,\r\n\t\t\t#fmp-container-2663262309 .fmp-isotope-buttons button:hover,\r\n\t\t\t#fmp-container-2663262309.fmp-wrapper .fmp-carousel.swiper .swiper-pagination-bullet,\r\n\t\t\t#fmp-container-2663262309.fmp-wrapper .fmp-carousel.swiper .swiper-pagination-bullet:hover,\r\n\t\t\t#fmp-container-2663262309 .fmp-isotope-buttons button::after {background:;}<\/style><div class=\"fmp-container-fluid fmp-wrapper fmp fmp-hover-zoom_in fmp-image-top fmp-img-normal has-mobile-title has-mobile-image has-mobile-price has-mobile-excerpt no-hover-icon \" id=\"fmp-container-2663262309\" data-sc-id=\"165\" data-layout=\"layout-free\" data-desktop-col=\"1\" data-tab-col=\"3\" data-mobile-col=\"3\"><div data-title=\"Loading ...\" class=\"fmp-row fmp-content-loader fmp-layout-free fmp-even fmp-pre-loader\"><div class=\"fmp-col-lg-12 fmp-col-md-12 fmp-col-sm-4 fmp-col-xs-4   even-grid-item fmp-grid-item fmp-ready-animation animated fadeIn fmp-item-163\">\r\n\t<div class='fmp-food-item food-menu'>\r\n\t\t<div class=\"fmp-content-wrap\"><div class=\"fmp-title\"><h3>Lavado, corte y secado<\/h3><span class=\"price\">13.00<\/span><\/div><div class=\"fmp-body\"><p><\/p><\/div><div class=\"fmp-footer\"><\/div><\/div>\t<\/div>\r\n<\/div>\r\n<div class=\"fmp-col-lg-12 fmp-col-md-12 fmp-col-sm-4 fmp-col-xs-4   even-grid-item fmp-grid-item fmp-ready-animation animated fadeIn fmp-item-168\">\r\n\t<div class='fmp-food-item food-menu'>\r\n\t\t<div class=\"fmp-content-wrap\"><div class=\"fmp-title\"><h3>Corte caballero<\/h3><span class=\"price\">10.00<\/span><\/div><div class=\"fmp-body\"><p><\/p><\/div><div class=\"fmp-footer\"><\/div><\/div>\t<\/div>\r\n<\/div>\r\n<div class=\"fmp-col-lg-12 fmp-col-md-12 fmp-col-sm-4 fmp-col-xs-4   even-grid-item fmp-grid-item fmp-ready-animation animated fadeIn fmp-item-176\">\r\n\t<div class='fmp-food-item food-menu'>\r\n\t\t<div class=\"fmp-content-wrap\"><div class=\"fmp-title\"><h3>Lavar y peinar desde<\/h3><span class=\"price\">11.00<\/span><\/div><div class=\"fmp-body\"><p><\/p><\/div><div class=\"fmp-footer\"><\/div><\/div>\t<\/div>\r\n<\/div>\r\n<div class=\"fmp-col-lg-12 fmp-col-md-12 fmp-col-sm-4 fmp-col-xs-4   even-grid-item fmp-grid-item fmp-ready-animation animated fadeIn fmp-item-177\">\r\n\t<div class='fmp-food-item food-menu'>\r\n\t\t<div class=\"fmp-content-wrap\"><div class=\"fmp-title\"><h3>Lavar y peinar melenas<\/h3><span class=\"price\">15.00<\/span><\/div><div class=\"fmp-body\"><p><\/p><\/div><div class=\"fmp-footer\"><\/div><\/div>\t<\/div>\r\n<\/div>\r\n<div class=\"fmp-col-lg-12 fmp-col-md-12 fmp-col-sm-4 fmp-col-xs-4   even-grid-item fmp-grid-item fmp-ready-animation animated fadeIn fmp-item-178\">\r\n\t<div class='fmp-food-item food-menu'>\r\n\t\t<div class=\"fmp-content-wrap\"><div class=\"fmp-title\"><h3>Lavar, cortar y peinar desde<\/h3><span class=\"price\">21.00<\/span><\/div><div class=\"fmp-body\"><p><\/p><\/div><div class=\"fmp-footer\"><\/div><\/div>\t<\/div>\r\n<\/div>\r\n<div class=\"fmp-loading-overlay\"><\/div><div class=\"fmp-loading fmp-ball-clip-rotate\"><div><\/div><\/div><\/div><\/div>\n<h2>T\u00e9cnicos<\/h2>\n<style type='text\/css' media='all'>#fmp-container-4284834548 .fmp-title h3,#fmp-container-4284834548 .fmp-content h3 {}#fmp-container-4284834548 .fmp-content h3:hover,#fmp-container-4284834548 h3.fmp-title:hover,#fmp-container-4284834548 .fmp-title h3:hover { color:#1e73be;}#fmp-container-4284834548 .fmp-box .fmp-price,#fmp-container-4284834548 .fmp-box .price,#fmp-container-4284834548 .fmp-food-item .price,#fmp-container-4284834548 .fmp-layout8 .fmp-box-wrapper .fmp-price-wrapper .fmp-price,#fmp-container-4284834548 .fmp-layout1 .fmp-price-wrapper span.fmp-price,#fmp-container-4284834548 .fmp-content-wrap .price {color:#1e73be;}#fmp-container-4284834548 .fmp-layout8 .fmp-box-wrapper .fmp-price-wrapper .fmp-price,#fmp-container-4284834548 .fmp-layout1 .fmp-price-wrapper span.fmp-price {background:#1e73be;}#fmp-container-4284834548 .fmp-layout1 .fmp-price-wrapper span.fmp-price::before {border-right-color:#1e73be;}#fmp-container-4284834548 .fmp-layout1 .fmp-price-wrapper span.fmp-price::after {border-left-color:#1e73be;border-top-color:#1e73be;}#fmp-container-4284834548 a.fmp-btn-read-more::before,\r\n\t\t\t#fmp-container-4284834548 a.fmp-wc-add-to-cart-btn::before,\r\n\t\t\t#fmp-container-4284834548 .fmp-utility .fmp-load-more button::before,\r\n\t\t\t#fmp-container-4284834548 .fmp-pagination ul.pagination-list li span::before,\r\n\t\t\t#fmp-container-4284834548 .fmp-load-more::before,\r\n\t\t\t#fmp-container-4284834548 .fmp-iso-filter.type-1 button,\r\n\t\t\t#fmp-container-4284834548 .fmp-iso-filter.type-2 button,\r\n\t\t\t#fmp-container-4284834548 .fmp-carousel .swiper-arrow::before,\r\n\t\t\t#fmp-container-4284834548 .fmp-layout5 .fmp-price,\r\n\t\t\t#fmp-container-4284834548 .fmp-layout5 .fmp-price-box .fmp-attr-variation-wrapper,\r\n\t\t\t#fmp-container-4284834548.fmp-wrapper .fmp-food-item.product a.button + .added_to_cart,\r\n\t\t\t#fmp-container-4284834548.fmp-wrapper .fmp-food-item.product a.button::before {background: ;}#fmp-container-4284834548 a.fmp-btn-read-more::after,\r\n\t\t\t#fmp-container-4284834548 a.fmp-wc-add-to-cart-btn::after,\r\n\t\t\t#fmp-container-4284834548 .fmp-utility .fmp-load-more button::after,\r\n\t\t\t#fmp-container-4284834548 .fmp-load-more::after,\r\n\t\t\t#fmp-container-4284834548 .fmp-carousel .swiper-arrow::after,\r\n\t\t\t#fmp-container-4284834548 .fmp-pagination ul.pagination-list li.active span::after,\r\n\t\t\t#fmp-container-4284834548 .fmp-pagination ul.pagination-list li a::after,\r\n\t\t\t#fmp-container-4284834548 .fmp-layout5 .fmp-wc-add-to-cart-btn::after,\r\n\t\t\t#fmp-container-4284834548.fmp-wrapper .fmp-food-item.product a.button::after {background:#1e73be;}#fmp-container-4284834548 .fmp-layout5 .fmp-wc-add-to-cart-btn:hover {border-color:#1e73be;}#fmp-container-4284834548 .fmp-isotope-buttons button::before,\r\n\t\t\t#fmp-container-4284834548 .fmp-isotope-buttons button.selected::after,\r\n\t\t\t#fmp-container-4284834548 .fmp-isotope-buttons button.selected,\r\n\t\t\t#fmp-container-4284834548 .fmp-isotope-buttons button:hover,\r\n\t\t\t#fmp-container-4284834548.fmp-wrapper .fmp-carousel.swiper .swiper-pagination-bullet,\r\n\t\t\t#fmp-container-4284834548.fmp-wrapper .fmp-carousel.swiper .swiper-pagination-bullet:hover,\r\n\t\t\t#fmp-container-4284834548 .fmp-isotope-buttons button::after {background:;}<\/style><div class=\"fmp-container-fluid fmp-wrapper fmp fmp-hover-zoom_in fmp-image-top fmp-img-normal has-mobile-title has-mobile-image has-mobile-price has-mobile-excerpt no-hover-icon \" id=\"fmp-container-4284834548\" data-sc-id=\"183\" data-layout=\"layout-free\" data-desktop-col=\"2\" data-tab-col=\"2\" data-mobile-col=\"1\"><div data-title=\"Loading ...\" class=\"fmp-row fmp-content-loader fmp-layout-free fmp-even fmp-pre-loader\"><div class=\"fmp-col-lg-6 fmp-col-md-6 fmp-col-sm-6 fmp-col-xs-12   even-grid-item fmp-grid-item fmp-ready-animation animated fadeIn fmp-item-181\">\r\n\t<div class='fmp-food-item food-menu'>\r\n\t\t<div class=\"fmp-content-wrap\"><div class=\"fmp-title\"><h3>Te\u00f1ir<\/h3><span class=\"price\">22.00<\/span><\/div><div class=\"fmp-body\"><p><\/p><\/div><div class=\"fmp-footer\"><\/div><\/div>\t<\/div>\r\n<\/div>\r\n<div class=\"fmp-col-lg-6 fmp-col-md-6 fmp-col-sm-6 fmp-col-xs-12   even-grid-item fmp-grid-item fmp-ready-animation animated fadeIn fmp-item-182\">\r\n\t<div class='fmp-food-item food-menu'>\r\n\t\t<div class=\"fmp-content-wrap\"><div class=\"fmp-title\"><h3>Te\u00f1ir, lavar, peinar, champ\u00fa e hidrataci\u00f3n<\/h3><span class=\"price\">32.00<\/span><\/div><div class=\"fmp-body\"><p><\/p><\/div><div class=\"fmp-footer\"><\/div><\/div>\t<\/div>\r\n<\/div>\r\n<div class=\"fmp-col-lg-6 fmp-col-md-6 fmp-col-sm-6 fmp-col-xs-12   even-grid-item fmp-grid-item fmp-ready-animation animated fadeIn fmp-item-186\">\r\n\t<div class='fmp-food-item food-menu'>\r\n\t\t<div class=\"fmp-content-wrap\"><div class=\"fmp-title\"><h3>Te\u00f1ir, lavar, corte, peinado, champ\u00fa e hidrataci\u00f3n<\/h3><span class=\"price\">39.00<\/span><\/div><div class=\"fmp-body\"><p><\/p><\/div><div class=\"fmp-footer\"><\/div><\/div>\t<\/div>\r\n<\/div>\r\n<div class=\"fmp-col-lg-6 fmp-col-md-6 fmp-col-sm-6 fmp-col-xs-12   even-grid-item fmp-grid-item fmp-ready-animation animated fadeIn fmp-item-187\">\r\n\t<div class='fmp-food-item food-menu'>\r\n\t\t<div class=\"fmp-content-wrap\"><div class=\"fmp-title\"><h3>Mechas, corte, peinado, champ\u00fa e hidrataci\u00f3n<\/h3><span class=\"price\">42.00<\/span><\/div><div class=\"fmp-body\"><p><\/p><\/div><div class=\"fmp-footer\"><\/div><\/div>\t<\/div>\r\n<\/div>\r\n<div class=\"fmp-col-lg-6 fmp-col-md-6 fmp-col-sm-6 fmp-col-xs-12   even-grid-item fmp-grid-item fmp-ready-animation animated fadeIn fmp-item-189\">\r\n\t<div class='fmp-food-item food-menu'>\r\n\t\t<div class=\"fmp-content-wrap\"><div class=\"fmp-title\"><h3>Mechas bicolor, peinar, champ\u00fa hidrataci\u00f3n<\/h3><span class=\"price\">45.00<\/span><\/div><div class=\"fmp-body\"><p><\/p><\/div><div class=\"fmp-footer\"><\/div><\/div>\t<\/div>\r\n<\/div>\r\n<div class=\"fmp-col-lg-6 fmp-col-md-6 fmp-col-sm-6 fmp-col-xs-12   even-grid-item fmp-grid-item fmp-ready-animation animated fadeIn fmp-item-190\">\r\n\t<div class='fmp-food-item food-menu'>\r\n\t\t<div class=\"fmp-content-wrap\"><div class=\"fmp-title\"><h3>Mechas balayage, champ\u00fa, peinar, hidrataci\u00f3n<\/h3><span class=\"price\">50.00<\/span><\/div><div class=\"fmp-body\"><p><\/p><\/div><div class=\"fmp-footer\"><\/div><\/div>\t<\/div>\r\n<\/div>\r\n<div class=\"fmp-col-lg-6 fmp-col-md-6 fmp-col-sm-6 fmp-col-xs-12   even-grid-item fmp-grid-item fmp-ready-animation animated fadeIn fmp-item-191\">\r\n\t<div class='fmp-food-item food-menu'>\r\n\t\t<div class=\"fmp-content-wrap\"><div class=\"fmp-title\"><h3>Ampolla ca\u00edda<\/h3><span class=\"price\">3.00<\/span><\/div><div class=\"fmp-body\"><p><\/p><\/div><div class=\"fmp-footer\"><\/div><\/div>\t<\/div>\r\n<\/div>\r\n<div class=\"fmp-col-lg-6 fmp-col-md-6 fmp-col-sm-6 fmp-col-xs-12   even-grid-item fmp-grid-item fmp-ready-animation animated fadeIn fmp-item-192\">\r\n\t<div class='fmp-food-item food-menu'>\r\n\t\t<div class=\"fmp-content-wrap\"><div class=\"fmp-title\"><h3>Mascarilla<\/h3><span class=\"price\">3.00<\/span><\/div><div class=\"fmp-body\"><p><\/p><\/div><div class=\"fmp-footer\"><\/div><\/div>\t<\/div>\r\n<\/div>\r\n<div class=\"fmp-col-lg-6 fmp-col-md-6 fmp-col-sm-6 fmp-col-xs-12   even-grid-item fmp-grid-item fmp-ready-animation animated fadeIn fmp-item-193\">\r\n\t<div class='fmp-food-item food-menu'>\r\n\t\t<div class=\"fmp-content-wrap\"><div class=\"fmp-title\"><h3>Balsamo peinado<\/h3><span class=\"price\">2.00<\/span><\/div><div class=\"fmp-body\"><p><\/p><\/div><div class=\"fmp-footer\"><\/div><\/div>\t<\/div>\r\n<\/div>\r\n<div class=\"fmp-col-lg-6 fmp-col-md-6 fmp-col-sm-6 fmp-col-xs-12   even-grid-item fmp-grid-item fmp-ready-animation animated fadeIn fmp-item-194\">\r\n\t<div class='fmp-food-item food-menu'>\r\n\t\t<div class=\"fmp-content-wrap\"><div class=\"fmp-title\"><h3>Espuma<\/h3><span class=\"price\">2.00<\/span><\/div><div class=\"fmp-body\"><p><\/p><\/div><div class=\"fmp-footer\"><\/div><\/div>\t<\/div>\r\n<\/div>\r\n<div class=\"fmp-loading-overlay\"><\/div><div class=\"fmp-loading fmp-ball-clip-rotate\"><div><\/div><\/div><\/div><\/div>\n","protected":false},"excerpt":{"rendered":"<p>Cl\u00e1sicos T\u00e9cnicos<\/p>\n","protected":false},"author":1,"featured_media":198,"parent":0,"menu_order":0,"comment_status":"closed","ping_status":"closed","template":"","meta":{"_monsterinsights_skip_tracking":false,"_monsterinsights_sitenote_active":false,"_monsterinsights_sitenote_note":"","_monsterinsights_sitenote_category":0,"ngg_post_thumbnail":0,"footnotes":""},"class_list":["post-149","page","type-page","status-publish","has-post-thumbnail","hentry"],"aioseo_notices":[],"_links":{"self":[{"href":"http:\/\/joseluispeluqueros.net\/index.php\/wp-json\/wp\/v2\/pages\/149","targetHints":{"allow":["GET"]}}],"collection":[{"href":"http:\/\/joseluispeluqueros.net\/index.php\/wp-json\/wp\/v2\/pages"}],"about":[{"href":"http:\/\/joseluispeluqueros.net\/index.php\/wp-json\/wp\/v2\/types\/page"}],"author":[{"embeddable":true,"href":"http:\/\/joseluispeluqueros.net\/index.php\/wp-json\/wp\/v2\/users\/1"}],"replies":[{"embeddable":true,"href":"http:\/\/joseluispeluqueros.net\/index.php\/wp-json\/wp\/v2\/comments?post=149"}],"version-history":[{"count":4,"href":"http:\/\/joseluispeluqueros.net\/index.php\/wp-json\/wp\/v2\/pages\/149\/revisions"}],"predecessor-version":[{"id":185,"href":"http:\/\/joseluispeluqueros.net\/index.php\/wp-json\/wp\/v2\/pages\/149\/revisions\/185"}],"wp:featuredmedia":[{"embeddable":true,"href":"http:\/\/joseluispeluqueros.net\/index.php\/wp-json\/wp\/v2\/media\/198"}],"wp:attachment":[{"href":"http:\/\/joseluispeluqueros.net\/index.php\/wp-json\/wp\/v2\/media?parent=149"}],"curies":[{"name":"wp","href":"https:\/\/api.w.org\/{rel}","templated":true}]}}